

{"id":714,"date":"2019-02-25T10:18:49","date_gmt":"2019-02-25T09:18:49","guid":{"rendered":"https:\/\/shop.lingenfelder.de\/?post_type=product&#038;p=714"},"modified":"2023-05-23T12:05:12","modified_gmt":"2023-05-23T11:05:12","slug":"15er-pinot-gris-grauburgunder-spaetlese-mild","status":"publish","type":"product","link":"https:\/\/shop.lingenfelder.de\/?product=15er-pinot-gris-grauburgunder-spaetlese-mild","title":{"rendered":"15er Pinot Gris \/ Grauburgunder Sp\u00e4tlese &#8211; feinfruchtig"},"content":{"rendered":"","protected":false},"excerpt":{"rendered":"<ul>\n<li>\u00a0tiefgr\u00fcndiger, lockerer L\u00f6\u00dfboden<\/li>\n<li>&#8222;Cremig&#8220;, nachhaltig<\/li>\n<li><strong>Lage:\u00a0<\/strong>Grosskarlbacher Osterberg<\/li>\n<li><strong>Geschmacksrichtung: <\/strong>feinfruchtig<\/li>\n<li><strong>Qualit\u00e4tsstufe:\u00a0<\/strong>Sp\u00e4tlese<\/li>\n<li><strong>Flaschengr\u00f6\u00dfe:\u00a0<\/strong>0,75 Liter<\/li>\n<li><strong>Jahrgang:\u00a0<\/strong>2015<\/li>\n<li><strong>Weinnummer:\u00a0<\/strong>15-823<\/li>\n<\/ul>\n","protected":false},"featured_media":719,"template":"","meta":{"_monsterinsights_skip_tracking":false,"_monsterinsights_sitenote_active":false,"_monsterinsights_sitenote_note":"","_monsterinsights_sitenote_category":0,"jetpack_publicize_message":"","jetpack_is_tweetstorm":false,"jetpack_publicize_feature_enabled":true},"product_cat":[90],"product_tag":[74,77,71,64],"jetpack_publicize_connections":[],"_links":{"self":[{"href":"https:\/\/shop.lingenfelder.de\/index.php?rest_route=\/wp\/v2\/product\/714"}],"collection":[{"href":"https:\/\/shop.lingenfelder.de\/index.php?rest_route=\/wp\/v2\/product"}],"about":[{"href":"https:\/\/shop.lingenfelder.de\/index.php?rest_route=\/wp\/v2\/types\/product"}],"wp:featuredmedia":[{"embeddable":true,"href":"https:\/\/shop.lingenfelder.de\/index.php?rest_route=\/wp\/v2\/media\/719"}],"wp:attachment":[{"href":"https:\/\/shop.lingenfelder.de\/index.php?rest_route=%2Fwp%2Fv2%2Fmedia&parent=714"}],"wp:term":[{"taxonomy":"product_cat","embeddable":true,"href":"https:\/\/shop.lingenfelder.de\/index.php?rest_route=%2Fwp%2Fv2%2Fproduct_cat&post=714"},{"taxonomy":"product_tag","embeddable":true,"href":"https:\/\/shop.lingenfelder.de\/index.php?rest_route=%2Fwp%2Fv2%2Fproduct_tag&post=714"}],"curies":[{"name":"wp","href":"https:\/\/api.w.org\/{rel}","templated":true}]}}